{"id":2,"date":"2025-01-01T15:29:01","date_gmt":"2025-01-01T15:29:01","guid":{"rendered":"https:\/\/egyenivallalkozo.hu\/?page_id=2"},"modified":"2025-08-11T17:44:58","modified_gmt":"2025-08-11T16:44:58","slug":"sample-page","status":"publish","type":"page","link":"https:\/\/egyenivallalkozo.hu\/","title":{"rendered":""},"content":{"rendered":"\n<figure class=\"wp-block-image aligncenter size-medium has-custom-border is-style-rounded wp-duotone-unset-1\"><img loading=\"lazy\" decoding=\"async\" width=\"300\" height=\"300\" src=\"https:\/\/egyenivallalkozo.hu\/wp-content\/uploads\/2025\/01\/EVlogo_v02-300x300.png\" alt=\"\" class=\"wp-image-10\" style=\"border-style:none;border-width:0px;border-radius:46px\" srcset=\"https:\/\/egyenivallalkozo.hu\/wp-content\/uploads\/2025\/01\/EVlogo_v02-300x300.png 300w, https:\/\/egyenivallalkozo.hu\/wp-content\/uploads\/2025\/01\/EVlogo_v02-150x150.png 150w, https:\/\/egyenivallalkozo.hu\/wp-content\/uploads\/2025\/01\/EVlogo_v02.png 700w\" sizes=\"auto, (max-width: 300px) 100vw, 300px\" \/><\/figure>\n\n\n\n<p><\/p>\n\n\n\n<p class=\"has-text-align-center is-style-text-subtitle has-text-color has-link-color has-x-large-font-size wp-elements-d2d27fe3375b1ae80909a402c1426936 is-style-text-subtitle--2\" style=\"color:#ffffff\">\u00dcdv\u00f6z\u00f6llek!<\/p>\n\n\n\n<p>Az Egy\u00e9niv\u00e1llalkoz\u00f3.hu,&nbsp;Magyarorsz\u00e1g egy\u00e9ni v\u00e1llalkoz\u00f3inak dedik\u00e1lt ad\u00f3z\u00e1si seg\u00edts\u00e9gny\u00fajt\u00f3 weboldala.<\/p>\n\n\n\n<p>C\u00e9lunk, hogy k\u00f6nnyed\u00e9n eligazodj a bonyolult ad\u00f3z\u00e1si rendszerben, \u00e9s seg\u00edts\u00e9get ny\u00fajtsunk az ad\u00f3z\u00e1ssal kapcsolatos k\u00e9rd\u00e9sekben \u00e9s teend\u0151kben. Legyen sz\u00f3 az ad\u00f3bevall\u00e1sr\u00f3l, ad\u00f3kedvezm\u00e9nyekr\u0151l vagy v\u00e1llalkoz\u00e1sod ad\u00f3z\u00e1si k\u00f6telezetts\u00e9geir\u0151l, itt megtal\u00e1lod a sz\u00fcks\u00e9ges inform\u00e1ci\u00f3kat, \u00fatmutat\u00f3kat \u00e9s seg\u00edts\u00e9get is k\u00e9rhetsz.<\/p>\n\n\n\n<p>Az oldalunkon \u00e1tfog\u00f3 t\u00e1j\u00e9koztat\u00e1st ny\u00fajtunk az ad\u00f3z\u00e1si jogszab\u00e1lyokr\u00f3l \u00e9s a legfrissebb v\u00e1ltoz\u00e1sokr\u00f3l, hogy mindig naprak\u00e9sz inform\u00e1ci\u00f3kkal rendelkezz.<\/p>\n\n\n\n<p>Az Egy\u00e9niv\u00e1llalkoz\u00f3.hu igyekszik egyszer\u0171 \u00e9s \u00e1tl\u00e1that\u00f3 m\u00f3don seg\u00edteni az egy\u00e9ni v\u00e1llalkoz\u00f3kat. K\u00e9rd\u00e9sed eset\u00e9n haszn\u00e1lhatod a keres\u0151t vagy b\u00f6ng\u00e9szhetsz a cikkek \u00e9s \u00fatmutat\u00f3k k\u00f6z\u00f6tt. Emellett tan\u00e1csokkal \u00e9s tippekkel l\u00e1tunk el, amelyek seg\u00edtenek optimaliz\u00e1lni ad\u00f3z\u00e1si strat\u00e9gi\u00e1dat \u00e9s minimaliz\u00e1lni az esetleges ad\u00f3terheket.<\/p>\n\n\n\n<p>Az Egy\u00e9niv\u00e1llalkoz\u00f3.hu csapat\u00e1ban tapasztalt ad\u00f3szak\u00e9rt\u0151k dolgoznak, akik felk\u00e9sz\u00fcltek arra, hogy seg\u00edtsenek ad\u00f3z\u00e1si k\u00e9rd\u00e9seidben. K\u00e9szek vagyunk v\u00e1laszolni az e-maileidre vagy online konzult\u00e1ci\u00f3t biztos\u00edtani, hogy szem\u00e9lyre szabott seg\u00edts\u00e9get ny\u00fajtsunk az ad\u00f3z\u00e1si \u00fcgyeiddel kapcsolatban.<\/p>\n\n\n\n<p>B\u00edzunk benne, hogy az Egy\u00e9niv\u00e1llalkoz\u00f3.hu-val megtal\u00e1lod az \u00f6sszes sz\u00fcks\u00e9ges inform\u00e1ci\u00f3t \u00e9s seg\u00edts\u00e9get az ad\u00f3z\u00e1ssal kapcsolatban. V\u00e1lassz minket, \u00e9s hozd ki v\u00e1llalkoz\u00e1sod ad\u00f3\u00fcgyeib\u0151l a legt\u00f6bbet!<\/p>\n\n\n\n<h2 class=\"wp-block-heading has-text-align-center has-text-color has-link-color wp-elements-c2990bb5178f17b27ba2939fdd2c2fb1\" style=\"color:#ffffff\">Hamarosan indulunk!<\/h2>\n\n\n\n<p>Az Egy\u00e9niv\u00e1llalkoz\u00f3.hu tartalomfelt\u00f6lt\u00e9se m\u00e1r zajlik a h\u00e1tt\u00e9rben. Keress fel minket \u00fajra, de az \u00fczeneteket m\u00e1r fogadjuk, amire r\u00f6vid id\u0151n bel\u00fcl v\u00e1laszolunk!<\/p>\n\n\n\n<p class=\"has-text-align-center has-text-color has-link-color has-large-font-size wp-elements-6c921d8d53e6557fbef3bacf65432a9e\" style=\"color:#ffffff\">info@egyenivallalkozo.hu<\/p>\n\n\n\n<p><\/p>\n","protected":false},"excerpt":{"rendered":"<p>\u00dcdv\u00f6z\u00f6llek! Az Egy\u00e9niv\u00e1llalkoz\u00f3.hu,&nbsp;Magyarorsz\u00e1g egy\u00e9ni v\u00e1llalkoz\u00f3inak dedik\u00e1lt ad\u00f3z\u00e1si seg\u00edts\u00e9gny\u00fajt\u00f3 weboldala. C\u00e9lunk, hogy k\u00f6nnyed\u00e9n eligazodj a bonyolult ad\u00f3z\u00e1si rendszerben, \u00e9s seg\u00edts\u00e9get ny\u00fajtsunk az ad\u00f3z\u00e1ssal kapcsolatos k\u00e9rd\u00e9sekben \u00e9s teend\u0151kben. Legyen sz\u00f3 az ad\u00f3bevall\u00e1sr\u00f3l, ad\u00f3kedvezm\u00e9nyekr\u0151l vagy v\u00e1llalkoz\u00e1sod ad\u00f3z\u00e1si k\u00f6telezetts\u00e9geir\u0151l, itt megtal\u00e1lod a sz\u00fcks\u00e9ges inform\u00e1ci\u00f3kat, \u00fatmutat\u00f3kat \u00e9s seg\u00edts\u00e9get is k\u00e9rhetsz. Az oldalunkon \u00e1tfog\u00f3 t\u00e1j\u00e9koztat\u00e1st ny\u00fajtunk az ad\u00f3z\u00e1si jogszab\u00e1lyokr\u00f3l \u00e9s a [&hellip;]<\/p>\n","protected":false},"author":1,"featured_media":0,"parent":0,"menu_order":0,"comment_status":"closed","ping_status":"open","template":"","meta":{"footnotes":""},"class_list":["post-2","page","type-page","status-publish","hentry"],"yoast_head":"<!-- This site is optimized with the Yoast SEO plugin v24.5 - https:\/\/yoast.com\/wordpress\/plugins\/seo\/ -->\n<title>- egyenivallalkozo.hu<\/title>\n<meta name=\"robots\" content=\"index, follow, max-snippet:-1, max-image-preview:large, max-video-preview:-1\" \/>\n<link rel=\"canonical\" href=\"https:\/\/egyenivallalkozo.hu\/\" \/>\n<meta property=\"og:locale\" content=\"hu_HU\" \/>\n<meta property=\"og:type\" content=\"article\" \/>\n<meta property=\"og:title\" content=\"- egyenivallalkozo.hu\" \/>\n<meta property=\"og:description\" content=\"\u00dcdv\u00f6z\u00f6llek! Az Egy\u00e9niv\u00e1llalkoz\u00f3.hu,&nbsp;Magyarorsz\u00e1g egy\u00e9ni v\u00e1llalkoz\u00f3inak dedik\u00e1lt ad\u00f3z\u00e1si seg\u00edts\u00e9gny\u00fajt\u00f3 weboldala. C\u00e9lunk, hogy k\u00f6nnyed\u00e9n eligazodj a bonyolult ad\u00f3z\u00e1si rendszerben, \u00e9s seg\u00edts\u00e9get ny\u00fajtsunk az ad\u00f3z\u00e1ssal kapcsolatos k\u00e9rd\u00e9sekben \u00e9s teend\u0151kben. Legyen sz\u00f3 az ad\u00f3bevall\u00e1sr\u00f3l, ad\u00f3kedvezm\u00e9nyekr\u0151l vagy v\u00e1llalkoz\u00e1sod ad\u00f3z\u00e1si k\u00f6telezetts\u00e9geir\u0151l, itt megtal\u00e1lod a sz\u00fcks\u00e9ges inform\u00e1ci\u00f3kat, \u00fatmutat\u00f3kat \u00e9s seg\u00edts\u00e9get is k\u00e9rhetsz. Az oldalunkon \u00e1tfog\u00f3 t\u00e1j\u00e9koztat\u00e1st ny\u00fajtunk az ad\u00f3z\u00e1si jogszab\u00e1lyokr\u00f3l \u00e9s a [&hellip;]\" \/>\n<meta property=\"og:url\" content=\"https:\/\/egyenivallalkozo.hu\/\" \/>\n<meta property=\"og:site_name\" content=\"egyenivallalkozo.hu\" \/>\n<meta property=\"article:modified_time\" content=\"2025-08-11T16:44:58+00:00\" \/>\n<meta property=\"og:image\" content=\"https:\/\/egyenivallalkozo.hu\/wp-content\/uploads\/2025\/01\/EVlogo_v02.png\" \/>\n\t<meta property=\"og:image:width\" content=\"700\" \/>\n\t<meta property=\"og:image:height\" content=\"700\" \/>\n\t<meta property=\"og:image:type\" content=\"image\/png\" \/>\n<meta name=\"twitter:card\" content=\"summary_large_image\" \/>\n<meta name=\"twitter:label1\" content=\"Becs\u00fclt olvas\u00e1si id\u0151\" \/>\n\t<meta name=\"twitter:data1\" content=\"2 perc\" \/>\n<script type=\"application\/ld+json\" class=\"yoast-schema-graph\">{\"@context\":\"https:\/\/schema.org\",\"@graph\":[{\"@type\":\"WebPage\",\"@id\":\"https:\/\/egyenivallalkozo.hu\/\",\"url\":\"https:\/\/egyenivallalkozo.hu\/\",\"name\":\"- egyenivallalkozo.hu\",\"isPartOf\":{\"@id\":\"https:\/\/egyenivallalkozo.hu\/#website\"},\"primaryImageOfPage\":{\"@id\":\"https:\/\/egyenivallalkozo.hu\/#primaryimage\"},\"image\":{\"@id\":\"https:\/\/egyenivallalkozo.hu\/#primaryimage\"},\"thumbnailUrl\":\"https:\/\/egyenivallalkozo.hu\/wp-content\/uploads\/2025\/01\/EVlogo_v02-300x300.png\",\"datePublished\":\"2025-01-01T15:29:01+00:00\",\"dateModified\":\"2025-08-11T16:44:58+00:00\",\"inLanguage\":\"hu\",\"potentialAction\":[{\"@type\":\"ReadAction\",\"target\":[\"https:\/\/egyenivallalkozo.hu\/\"]}]},{\"@type\":\"ImageObject\",\"inLanguage\":\"hu\",\"@id\":\"https:\/\/egyenivallalkozo.hu\/#primaryimage\",\"url\":\"https:\/\/egyenivallalkozo.hu\/wp-content\/uploads\/2025\/01\/EVlogo_v02.png\",\"contentUrl\":\"https:\/\/egyenivallalkozo.hu\/wp-content\/uploads\/2025\/01\/EVlogo_v02.png\",\"width\":700,\"height\":700},{\"@type\":\"WebSite\",\"@id\":\"https:\/\/egyenivallalkozo.hu\/#website\",\"url\":\"https:\/\/egyenivallalkozo.hu\/\",\"name\":\"egyenivallalkozo.hu\",\"description\":\"\",\"potentialAction\":[{\"@type\":\"SearchAction\",\"target\":{\"@type\":\"EntryPoint\",\"urlTemplate\":\"https:\/\/egyenivallalkozo.hu\/?s={search_term_string}\"},\"query-input\":{\"@type\":\"PropertyValueSpecification\",\"valueRequired\":true,\"valueName\":\"search_term_string\"}}],\"inLanguage\":\"hu\"}]}<\/script>\n<!-- \/ Yoast SEO plugin. -->","yoast_head_json":{"title":"- egyenivallalkozo.hu","robots":{"index":"index","follow":"follow","max-snippet":"max-snippet:-1","max-image-preview":"max-image-preview:large","max-video-preview":"max-video-preview:-1"},"canonical":"https:\/\/egyenivallalkozo.hu\/","og_locale":"hu_HU","og_type":"article","og_title":"- egyenivallalkozo.hu","og_description":"\u00dcdv\u00f6z\u00f6llek! Az Egy\u00e9niv\u00e1llalkoz\u00f3.hu,&nbsp;Magyarorsz\u00e1g egy\u00e9ni v\u00e1llalkoz\u00f3inak dedik\u00e1lt ad\u00f3z\u00e1si seg\u00edts\u00e9gny\u00fajt\u00f3 weboldala. C\u00e9lunk, hogy k\u00f6nnyed\u00e9n eligazodj a bonyolult ad\u00f3z\u00e1si rendszerben, \u00e9s seg\u00edts\u00e9get ny\u00fajtsunk az ad\u00f3z\u00e1ssal kapcsolatos k\u00e9rd\u00e9sekben \u00e9s teend\u0151kben. Legyen sz\u00f3 az ad\u00f3bevall\u00e1sr\u00f3l, ad\u00f3kedvezm\u00e9nyekr\u0151l vagy v\u00e1llalkoz\u00e1sod ad\u00f3z\u00e1si k\u00f6telezetts\u00e9geir\u0151l, itt megtal\u00e1lod a sz\u00fcks\u00e9ges inform\u00e1ci\u00f3kat, \u00fatmutat\u00f3kat \u00e9s seg\u00edts\u00e9get is k\u00e9rhetsz. Az oldalunkon \u00e1tfog\u00f3 t\u00e1j\u00e9koztat\u00e1st ny\u00fajtunk az ad\u00f3z\u00e1si jogszab\u00e1lyokr\u00f3l \u00e9s a [&hellip;]","og_url":"https:\/\/egyenivallalkozo.hu\/","og_site_name":"egyenivallalkozo.hu","article_modified_time":"2025-08-11T16:44:58+00:00","og_image":[{"width":700,"height":700,"url":"https:\/\/egyenivallalkozo.hu\/wp-content\/uploads\/2025\/01\/EVlogo_v02.png","type":"image\/png"}],"twitter_card":"summary_large_image","twitter_misc":{"Becs\u00fclt olvas\u00e1si id\u0151":"2 perc"},"schema":{"@context":"https:\/\/schema.org","@graph":[{"@type":"WebPage","@id":"https:\/\/egyenivallalkozo.hu\/","url":"https:\/\/egyenivallalkozo.hu\/","name":"- egyenivallalkozo.hu","isPartOf":{"@id":"https:\/\/egyenivallalkozo.hu\/#website"},"primaryImageOfPage":{"@id":"https:\/\/egyenivallalkozo.hu\/#primaryimage"},"image":{"@id":"https:\/\/egyenivallalkozo.hu\/#primaryimage"},"thumbnailUrl":"https:\/\/egyenivallalkozo.hu\/wp-content\/uploads\/2025\/01\/EVlogo_v02-300x300.png","datePublished":"2025-01-01T15:29:01+00:00","dateModified":"2025-08-11T16:44:58+00:00","inLanguage":"hu","potentialAction":[{"@type":"ReadAction","target":["https:\/\/egyenivallalkozo.hu\/"]}]},{"@type":"ImageObject","inLanguage":"hu","@id":"https:\/\/egyenivallalkozo.hu\/#primaryimage","url":"https:\/\/egyenivallalkozo.hu\/wp-content\/uploads\/2025\/01\/EVlogo_v02.png","contentUrl":"https:\/\/egyenivallalkozo.hu\/wp-content\/uploads\/2025\/01\/EVlogo_v02.png","width":700,"height":700},{"@type":"WebSite","@id":"https:\/\/egyenivallalkozo.hu\/#website","url":"https:\/\/egyenivallalkozo.hu\/","name":"egyenivallalkozo.hu","description":"","potentialAction":[{"@type":"SearchAction","target":{"@type":"EntryPoint","urlTemplate":"https:\/\/egyenivallalkozo.hu\/?s={search_term_string}"},"query-input":{"@type":"PropertyValueSpecification","valueRequired":true,"valueName":"search_term_string"}}],"inLanguage":"hu"}]}},"_links":{"self":[{"href":"https:\/\/egyenivallalkozo.hu\/index.php?rest_route=\/wp\/v2\/pages\/2","targetHints":{"allow":["GET"]}}],"collection":[{"href":"https:\/\/egyenivallalkozo.hu\/index.php?rest_route=\/wp\/v2\/pages"}],"about":[{"href":"https:\/\/egyenivallalkozo.hu\/index.php?rest_route=\/wp\/v2\/types\/page"}],"author":[{"embeddable":true,"href":"https:\/\/egyenivallalkozo.hu\/index.php?rest_route=\/wp\/v2\/users\/1"}],"replies":[{"embeddable":true,"href":"https:\/\/egyenivallalkozo.hu\/index.php?rest_route=%2Fwp%2Fv2%2Fcomments&post=2"}],"version-history":[{"count":7,"href":"https:\/\/egyenivallalkozo.hu\/index.php?rest_route=\/wp\/v2\/pages\/2\/revisions"}],"predecessor-version":[{"id":31,"href":"https:\/\/egyenivallalkozo.hu\/index.php?rest_route=\/wp\/v2\/pages\/2\/revisions\/31"}],"wp:attachment":[{"href":"https:\/\/egyenivallalkozo.hu\/index.php?rest_route=%2Fwp%2Fv2%2Fmedia&parent=2"}],"curies":[{"name":"wp","href":"https:\/\/api.w.org\/{rel}","templated":true}]}}